{"id":18,"date":"2021-10-21T11:00:00","date_gmt":"2021-10-21T11:00:00","guid":{"rendered":"https:\/\/greenmiler.eu\/?page_id=18"},"modified":"2025-11-03T15:37:44","modified_gmt":"2025-11-03T13:37:44","slug":"contact","status":"publish","type":"page","link":"https:\/\/www.greenmiler.fi\/index.php\/contact\/","title":{"rendered":"Yhteystiedot"},"content":{"rendered":"\n<h3 class=\"wp-block-heading\">Myynti \/ valmistus \/ noutopiste<\/h3>\n\n\n\n<p><strong>Lakeuden Konemyynti Oy<\/strong><br>Konekatu 5<br>Sein\u00e4joki<br>045 783 150 86 \/ Jani<br><a href=\"https:\/\/greenmiler.fi\/index.php\/about\/\" data-type=\"page\" data-id=\"17\">Klikkaa ja katso Greenmiler Classic per\u00e4vaunut t\u00e4st\u00e4!<\/a><\/p>\n\n\n\n<p><\/p>\n\n\n\n<hr class=\"wp-block-separator has-css-opacity\"\/>\n\n\n\n<h2 class=\"wp-block-heading\"><\/h2>\n","protected":false},"excerpt":{"rendered":"<p>Myynti \/ valmistus \/ noutopiste Lakeuden Konemyynti OyKonekatu 5Sein\u00e4joki045 783 150 86 \/ JaniKlikkaa ja katso Greenmiler Classic per\u00e4vaunut t\u00e4st\u00e4!<\/p>\n","protected":false},"author":1,"featured_media":0,"parent":0,"menu_order":0,"comment_status":"closed","ping_status":"closed","template":"","meta":{"footnotes":""},"class_list":["post-18","page","type-page","status-publish","hentry","entry"],"_links":{"self":[{"href":"https:\/\/www.greenmiler.fi\/index.php\/wp-json\/wp\/v2\/pages\/18","targetHints":{"allow":["GET"]}}],"collection":[{"href":"https:\/\/www.greenmiler.fi\/index.php\/wp-json\/wp\/v2\/pages"}],"about":[{"href":"https:\/\/www.greenmiler.fi\/index.php\/wp-json\/wp\/v2\/types\/page"}],"author":[{"embeddable":true,"href":"https:\/\/www.greenmiler.fi\/index.php\/wp-json\/wp\/v2\/users\/1"}],"replies":[{"embeddable":true,"href":"https:\/\/www.greenmiler.fi\/index.php\/wp-json\/wp\/v2\/comments?post=18"}],"version-history":[{"count":81,"href":"https:\/\/www.greenmiler.fi\/index.php\/wp-json\/wp\/v2\/pages\/18\/revisions"}],"predecessor-version":[{"id":398,"href":"https:\/\/www.greenmiler.fi\/index.php\/wp-json\/wp\/v2\/pages\/18\/revisions\/398"}],"wp:attachment":[{"href":"https:\/\/www.greenmiler.fi\/index.php\/wp-json\/wp\/v2\/media?parent=18"}],"curies":[{"name":"wp","href":"https:\/\/api.w.org\/{rel}","templated":true}]}}