{"id":17,"date":"2021-10-21T11:00:00","date_gmt":"2021-10-21T11:00:00","guid":{"rendered":"https:\/\/greenmiler.eu\/?page_id=17"},"modified":"2025-11-03T15:36:17","modified_gmt":"2025-11-03T13:36:17","slug":"about","status":"publish","type":"page","link":"https:\/\/www.greenmiler.fi\/index.php\/about\/","title":{"rendered":"Greenmiler\u00ae Classic"},"content":{"rendered":"\n<p class=\"has-normal-font-size\">Myynti, mallisto, k\u00e4ytt\u00f6ohjeet, takuu, huolto:<\/p>\n\n\n<div class=\"wp-block-image\">\n<figure class=\"alignleft size-full\"><img loading=\"lazy\" decoding=\"async\" width=\"60\" height=\"37\" src=\"https:\/\/greenmiler.fi\/wp-content\/uploads\/2021\/10\/Finland1-1.png\" alt=\"\" class=\"wp-image-115\"\/><\/figure>\n<\/div>\n\n\n<p class=\"has-large-font-size\">&nbsp;<strong><strong>Valmistettu<\/strong><\/strong> <strong>Suomessa.<\/strong><\/p>\n\n\n\n<hr class=\"wp-block-separator has-alpha-channel-opacity\"\/>\n\n\n\n<hr class=\"wp-block-separator has-alpha-channel-opacity\"\/>\n\n\n\n<h2 class=\"wp-block-heading\"><strong>Myynti \/ Mallisto:<\/strong><\/h2>\n\n\n\n<p>Kuomuper\u00e4vaunut (jarruttomat, katsastusvapaat):<\/p>\n\n\n\n<ul class=\"wp-block-list\">\n<li>300cm x 150cm, laitakorkeus 35cm, Hinta 2090\u20ac<\/li>\n<\/ul>\n\n\n\n<ul class=\"wp-block-list\">\n<li>300cm x 150cm, laitakorkeus 50cm, Hinta 2190\u20ac<\/li>\n<\/ul>\n\n\n\n<ul class=\"wp-block-list\">\n<li>330cm x 150cm, laitakorkeus 35cm, Hinta 2190\u20ac<\/li>\n<\/ul>\n\n\n\n<ul class=\"wp-block-list\">\n<li>330cm x 150cm, laitakorkeus 50cm, Hinta 2290\u20ac<\/li>\n<\/ul>\n\n\n\n<ul class=\"wp-block-list\">\n<li>350cm x 150cm, laitakorkeus 35cm, Hinta 2290\u20ac<\/li>\n<\/ul>\n\n\n\n<ul class=\"wp-block-list\">\n<li>350cm x 150cm, laitakorkeus 50cm, Hinta 2390\u20ac<\/li>\n<\/ul>\n\n\n\n<p>        (hinnat sis\u00e4lt\u00e4v\u00e4t alv:n 25.5%)<\/p>\n\n\n\n<figure class=\"wp-block-image size-large\"><img loading=\"lazy\" decoding=\"async\" width=\"1024\" height=\"683\" src=\"https:\/\/greenmiler.fi\/wp-content\/uploads\/2025\/10\/gm12-2-1024x683.jpg\" alt=\"\" class=\"wp-image-378\" srcset=\"https:\/\/www.greenmiler.fi\/wp-content\/uploads\/2025\/10\/gm12-2-1024x683.jpg 1024w, https:\/\/www.greenmiler.fi\/wp-content\/uploads\/2025\/10\/gm12-2-300x200.jpg 300w, https:\/\/www.greenmiler.fi\/wp-content\/uploads\/2025\/10\/gm12-2-768x512.jpg 768w, https:\/\/www.greenmiler.fi\/wp-content\/uploads\/2025\/10\/gm12-2.jpg 1382w\" sizes=\"auto, (max-width: 1024px) 100vw, 1024px\" \/><\/figure>\n\n\n\n<p>Soita ja osta laadukas kotimainen Greenmiler-per\u00e4vaunu:<\/p>\n\n\n\n<p><strong>045 783 150 86 \/ Jani<\/strong><\/p>\n\n\n\n<hr class=\"wp-block-separator has-alpha-channel-opacity\"\/>\n\n\n\n<hr class=\"wp-block-separator has-alpha-channel-opacity\"\/>\n\n\n\n<p>Greenmiler -per\u00e4vaunuissa yksityiskohdat, laatu sek\u00e4 k\u00e4yt\u00e4nn\u00f6llisyys on mietitty tarkkaan. Kokoamiseen on k\u00e4ytetty vain laadukkaita komponentteja. Valmistettu EU-tyyppihyv\u00e4ksynn\u00e4n mukaisesti.<\/p>\n\n\n\n<p>Valmiiksi rekister\u00f6ity.<\/p>\n\n\n\n<p>Pohjalevy 12mm filmivaneri.<\/p>\n\n\n\n<p>Lehtijouset ja iskunvaimentimet.<\/p>\n\n\n\n<p>Vahvemmat Knott-py\u00f6r\u00e4nnavat, huoltovapailla kompaktilaakereilla.<\/p>\n\n\n\n<p>Sidontalenkit, yhteens\u00e4 10kpl.<\/p>\n\n\n\n<p>Nokkapy\u00f6r\u00e4 asennettuna.<\/p>\n\n\n\n<p>Metalliset lokasuojat.<\/p>\n\n\n\n<p>Kippi kaasujousella, takalaita vaneroitu ja toimii ajosiltana.<\/p>\n\n\n\n<p>Etu- ja takalaidan saa tarvittaessa poistettua.<\/p>\n\n\n\n<p>P\u00e4\u00e4tyjen lukot per\u00e4vaunun sivuilla jolloin kelkat\/m\u00f6nkij\u00e4t yms. helpompi\/turvallisempi ajaa kyytiin.<\/p>\n\n\n\n<p>Vahva runkorakenne, useiden pohjatukien ansiosta.<\/p>\n\n\n\n<p>Kest\u00e4v\u00e4 V-mallin aisa.<\/p>\n\n\n\n<p>CLASSIC-mallistossa perinteiset polttimoilla varustetut takavalaisimet ja LED etu\u00e4\u00e4rivalot sek\u00e4 LED rekisterikilven valot.<\/p>\n\n\n\n<p>3 vuoden runkotakuulla!<\/p>\n\n\n\n<hr class=\"wp-block-separator has-alpha-channel-opacity\"\/>\n\n\n\n<hr class=\"wp-block-separator has-alpha-channel-opacity\"\/>\n\n\n\n<h2 class=\"wp-block-heading\"><strong>K\u00c4YTT\u00d6OHJEET<\/strong><\/h2>\n\n\n\n<p><strong>Tarkista a<\/strong><strong>ina ennen liikkeellel\u00e4ht\u00f6\u00e4:<\/strong><\/p>\n\n\n\n<ul class=\"wp-block-list\">\n<li>Valojen toimivuus.<\/li>\n\n\n\n<li>Renkaiden kiinnitys.<\/li>\n\n\n\n<li>Renkaiden riitt\u00e4v\u00e4 ilmanpaine.<\/li>\n\n\n\n<li>Renkaiden urasyvyys. Tarkista lain vaatimat syvyydet tieliikennelaista.<\/li>\n\n\n\n<li>Py\u00f6r\u00e4nlaakereiden v\u00e4lys, jos v\u00e4lyst\u00e4 ilmenee tarkista huolto-ohjeesta toimintamenetelm\u00e4. N\u00e4in menetellen laakereiden hajoaminen ei tule yll\u00e4tyksen\u00e4 tien p\u00e4\u00e4ll\u00e4 ja aiheuta vaaraa muille.<\/li>\n\n\n\n<li>Per\u00e4vaunun yleinen kunto, jotta voit varmistua turvallisesta liikkumisesta liikenteess\u00e4.<\/li>\n\n\n\n<li>Mahdollisen kuorman riitt\u00e4v\u00e4 kiinnitys, jotta varmistua turvallisesta liikkumisesta liikenteess\u00e4.<\/li>\n<\/ul>\n\n\n\n<p><strong>PER\u00c4VAUNUN KYTKEMINEN JA IRROITTAMINEN <\/strong><strong>AJONEUVOON<\/strong><\/p>\n\n\n\n<ul class=\"wp-block-list\">\n<li><strong>Per\u00e4vaunun kytkeminen<\/strong><\/li>\n\n\n\n<li>Aseta per\u00e4vaunun kuulakytkin ajoneuvon vetokoukun p\u00e4\u00e4lle ja paina kuulakytkint\u00e4 alasp\u00e4in, kunnes kuulakytkin lukittuu.<\/li>\n\n\n\n<li>Tarkista ett\u00e4 per\u00e4vaunu on lukittunut kunnolla ajoneuvon vetokoukkuun. Voit todeta t\u00e4m\u00e4n jos kuulakytkimen liukuosaan merkattu nuoli osoittaa vihre\u00e4lle alueelle kuulakytkimen rungossa. Varmista lis\u00e4ksi kokeilemalla nostaa per\u00e4vaunua pois vetokoukusta nostamalla k\u00e4sin aisasta yl\u00f6sp\u00e4in.<\/li>\n\n\n\n<li>Kytke per\u00e4vaunun pistotulppa ajoneuvon pistorasiaan.<\/li>\n\n\n\n<li>Nosta per\u00e4vaunun nokkapy\u00f6r\u00e4 py\u00f6ritt\u00e4m\u00e4ll\u00e4 sen kammesta py\u00f6r\u00e4 sille tarkoitettuun hahloon ja varmista, ett\u00e4 nokkapy\u00f6r\u00e4 on lukittunut (mik\u00e4li nokkapy\u00f6r\u00e4 ei lukitu, on vaarana ett\u00e4 se p\u00e4\u00e4see py\u00f6rim\u00e4\u00e4n ajon aikana alas). T\u00e4m\u00e4n j\u00e4lkeen l\u00f6ys\u00e4\u00e4 nokkapy\u00f6r\u00e4n aisakiinnikkeess\u00e4 olevaa kiinnityskampea ja nosta nokkapy\u00f6r\u00e4 yl\u00e4asentoon sek\u00e4 kirist\u00e4 kiinnityskampi.<\/li>\n<\/ul>\n\n\n\n<ul class=\"wp-block-list\">\n<li><strong>Per\u00e4vaunun irroittaminen<\/strong><\/li>\n\n\n\n<li>Irroita per\u00e4vaunun pistoke ajoneuvon pistorasiasta.<\/li>\n\n\n\n<li>Irroita per\u00e4vaunu vet\u00e4m\u00e4ll\u00e4 kuulakytkimen kahvasta yl\u00f6sp\u00e4in kunnes kytkin avautuu ja vapauttaa vetokuulan. Siirr\u00e4 per\u00e4vaunu et\u00e4\u00e4lle\/irti vetokoukusta, kuulakytkimen kahvasta ja aisasta kiinni pit\u00e4en.<\/li>\n\n\n\n<li>Aseta per\u00e4vaunun renkaiden etu- ja takapuolelle kiilat jottei vaunu p\u00e4\u00e4se liikkumaan pys\u00e4k\u00f6intipaikastaan.<br><br><br><strong>PER\u00c4VAUNUN <\/strong><strong>KUORMAAMINEN<\/strong><\/li>\n<\/ul>\n\n\n\n<ul class=\"wp-block-list\">\n<li>Tarkista per\u00e4vaunun suurin sallittu kuorman massa (kg). Saat sen selville kun lasket rekisteriotteesta per\u00e4vaunun suurimman sallitun teknisen kokonaismassan (kg) ja omamassan (kg) erotuksen. Huomioi lis\u00e4ksi mahdolliset lis\u00e4varusteet tai muut per\u00e4vaunun massaa lis\u00e4\u00e4v\u00e4t kuormat kuten esimerkiksi kuomu, mink\u00e4 massa (kg) on joissain tapauksissa kerrottu rekisteriotteen erityisehdoissa.<\/li>\n\n\n\n<li>Tarkista tarvittaessa my\u00f6s vet\u00e4v\u00e4n ajoneuvon massarajoitukset kyseisen ajoneuvon rekisteriotteesta.<\/li>\n\n\n\n<li>Kuormaa per\u00e4vaunu siten, ett\u00e4 kuorma sijoittuu sivu- ja pituussuunnassa laitojen sis\u00e4puolelle. Pituussuunnassa kuorma voi ylitt\u00e4\u00e4 per\u00e4vaunun lavan pohjan reunat, huomioi tai tarkista t\u00e4ll\u00f6in voimassa olevasta tieliikennelaista ylitysten mitat ja merkint\u00e4vaatimukset.<\/li>\n\n\n\n<li>Kuorma on sidottava per\u00e4vaunun sidontapisteisiin riitt\u00e4v\u00e4n lujasti, jottei se p\u00e4\u00e4se irtoamaan miss\u00e4\u00e4n tilanteessa ja aiheuttamaan vaaraa muulle liikenteelle.<\/li>\n\n\n\n<li>Kuorman massa pit\u00e4\u00e4 jakaa tasaisesti koko lavan alueelle. Ns. pistekuormia ei saa synty\u00e4 ja takuu ei my\u00f6sk\u00e4\u00e4n kata v\u00e4\u00e4r\u00e4st\u00e4 kuormauksesta aiheutuvia vahinkoja tai vioittumisia.<\/li>\n\n\n\n<li>K\u00e4yt\u00e4 vain ehji\u00e4 ja riitt\u00e4v\u00e4n lujia kuormansidontav\u00e4lineit\u00e4.<\/li>\n\n\n\n<li>Aisapainon tulee olla enint\u00e4\u00e4n per\u00e4vaunun tyyppikilpeen tai rekisteriotteeseen merkityn suuruinen, eik\u00e4 ylitt\u00e4\u00e4 vetokoukulle ilmoitettua kuormituspainoa.<\/li>\n<\/ul>\n\n\n\n<p><strong>VARMISTA, ETT\u00c4 AISAPAINO EI OLE MI<\/strong><strong>SS\u00c4\u00c4N TILANTEESSA<\/strong><strong> NEGATIIVINEN!<\/strong><\/p>\n\n\n\n<p><a href=\"https:\/\/greenmiler.fi\/wp-content\/uploads\/2024\/12\/Kayttoohje.pdf\">K\u00e4ytt\u00f6ohje PDF:n lataus.<\/a><\/p>\n\n\n\n<hr class=\"wp-block-separator has-alpha-channel-opacity\"\/>\n\n\n\n<hr class=\"wp-block-separator has-alpha-channel-opacity\"\/>\n\n\n\n<h2 class=\"wp-block-heading\"><strong>TAKUU<\/strong><\/h2>\n\n\n\n<ul class=\"wp-block-list\">\n<li>Takuun ehtona on k\u00e4ytt\u00f6- ja huolto-ohjeiden noudattaminen.<\/li>\n\n\n\n<li>Takuuaika on 24 kuukautta.<\/li>\n\n\n\n<li>Takuun piiriss\u00e4 olevan vian ilmetess\u00e4 asiakkaan tulee ottaa yhteytt\u00e4 valmistajaan kohtuullisessa ajassa, viimeist\u00e4\u00e4n ennen takuuajan loppumista.<\/li>\n\n\n\n<li>Per\u00e4vaunua ei saa k\u00e4ytt\u00e4\u00e4 ennenkuin vika on korjattu. Lis\u00e4ohjeet saat tarvittaessa valmistajalta.<\/li>\n<\/ul>\n\n\n\n<p><\/p>\n\n\n\n<p><strong>Takuu kattaa seuraavat pre\u00e4vaunun osat valmistusvirheiden osalta:<\/strong><\/p>\n\n\n\n<ul class=\"wp-block-list\">\n<li>Runkorakenne<\/li>\n\n\n\n<li>Aisan osat, poislukien kuulakytkin ja lukot.<\/li>\n\n\n\n<li>Laidat.<\/li>\n\n\n\n<li>Lokasuojat.<\/li>\n<\/ul>\n\n\n\n<p><\/p>\n\n\n\n<p><strong>Takuu ei kata:<\/strong><\/p>\n\n\n\n<p>-Per\u00e4vaunun tai sen kuluvien osien (renkaat, laakerit, jouset, iskunvaimentimet, saranat, lukot, valaisimet, kuulakytkin, vanerilevyt) luonnollinen kuluminen.<\/p>\n\n\n\n<p>-Per\u00e4vaunun toimittaminen takuukorjaukseen.<\/p>\n\n\n\n<hr class=\"wp-block-separator has-alpha-channel-opacity\"\/>\n\n\n\n<p>Sinkityt osat kuten laidat, p\u00e4\u00e4dyt, runko jne. tummuvat ja mattaantuvat erilaisten ep\u00e4puhtauksien (maantiesuola, hiekka, raskasmetallit jne.) vaikutuksesta. T\u00e4m\u00e4 sinkkikerroksen oksidoituminen on normaalia eik\u00e4 siit\u00e4 tarvitse huolestua. Sinkkikerroksen teht\u00e4v\u00e4 on suojata ter\u00e4st\u00e4 korroosiolta. Per\u00e4vaunu on pidett\u00e4v\u00e4 puhtaana ja pest\u00e4v\u00e4 s\u00e4\u00e4nn\u00f6llisesti. Ajon j\u00e4lkeen olisi hyv\u00e4 huuhdella mahdollinen maantiesuola tai muu ep\u00e4puhtaus pois sinkkipinnoilta jotta sinkkipinta ei vaurioituisi. N\u00e4in menetellen per\u00e4vaunun sinkkiosat ovat pitk\u00e4ik\u00e4isi\u00e4. <\/p>\n\n\n\n<p><a href=\"https:\/\/greenmiler.fi\/wp-content\/uploads\/2024\/12\/Takuu.pdf\">Takuu-PDF:n lataus.<\/a><\/p>\n\n\n\n<p>Kuomujen takuuasiat (kolmen vuoden halkeamattomuustakuu) hoitaa toimittajamme osoitteessa <a href=\"http:\/\/www.europlast.fi\">www.europlast.fi<\/a><\/p>\n\n\n\n<hr class=\"wp-block-separator has-alpha-channel-opacity\"\/>\n\n\n\n<hr class=\"wp-block-separator has-alpha-channel-opacity\"\/>\n\n\n\n<h2 class=\"wp-block-heading\"><strong>HUOLTO<\/strong><\/h2>\n\n\n\n<p><strong>Varmista<\/strong><strong> <\/strong><strong>ennen <\/strong><strong>ensimm\u00e4ist\u00e4 k\u00e4ytt\u00f6\u00f6nottoa<\/strong><strong>:<\/strong><\/p>\n\n\n\n<ul class=\"wp-block-list\">\n<li>Valojen toimivuus.<\/li>\n\n\n\n<li>Renkaiden kiinnitys.<\/li>\n\n\n\n<li>Renkaiden riitt\u00e4v\u00e4 ilmanpaine.<\/li>\n\n\n\n<li>Per\u00e4vaunun yleinen kunto ja kuorman kiinnitys, jotta voit varmistua turvallisesta liikkumisesta liikenteess\u00e4.<\/li>\n<\/ul>\n\n\n\n<p><strong>Ensimm\u00e4isen <\/strong><strong>2<\/strong><strong>00 km j\u00e4lkeen <\/strong><strong>ja<\/strong><strong> <\/strong><strong>5000km v\u00e4lein tai kerran vuodessa<\/strong><strong>:<\/strong><\/p>\n\n\n\n<ul class=\"wp-block-list\">\n<li>Per\u00e4vaunun pesu tarvittaessa (ei voimakkailla pesuaineilla eik\u00e4 painepesurilla), letku\/sanko ja harja ovat oikeat v\u00e4lineet.<\/li>\n\n\n\n<li>Valojen toimivuus.<\/li>\n\n\n\n<li>Renkaiden kiinnityspulttien kireyden tarkistaminen ja tarvittaessa kiristys oikeaan momenttiin 110Nm.<\/li>\n\n\n\n<li>Renkaiden riitt\u00e4v\u00e4 ilmanpaine, min. 2.6bar.<\/li>\n\n\n\n<li>Py\u00f6r\u00e4nlaakereiden v\u00e4lys, jos v\u00e4lyst\u00e4 ilmenee ota yhteytt\u00e4 ammattitaitoiseen alan yritykseen tai valmistajaan. Vaihdata v\u00e4listynyt laakeri.<\/li>\n\n\n\n<li>Renkaiden yleinen kunto ja kulutuspinnan tarkistus.<\/li>\n\n\n\n<li>Renkaiden kiinnityspulttien kireyden tarkastaminen ja tarvittaessa kiristys.<\/li>\n\n\n\n<li>Kuulakytkimen toimivuuden tarkistaminen ja voitelu.<\/li>\n\n\n\n<li>Nokkapy\u00f6r\u00e4n toiminnan tarkistaminen ja voitelu.<\/li>\n\n\n\n<li>Lavalukkojen toimivuuden tarkistaminen ja voitelu.<\/li>\n\n\n\n<li>Kuomu, jos asennettu: Kuomun kaikkien osien kunnon, pulttien ja kuomulukkojen kireyden tarkistaminen, voitelu ja tarvittaessa s\u00e4\u00e4t\u00e4minen.<\/li>\n\n\n\n<li>Yleiset momentit s\u00e4hk\u00f6sinkityille kuiville(ei rasvainen) pulteille, ellei ohjeissa muuta mainittu: M6 10Nm, M8 24Nm, M10 47Nm, M12 80Nm, py\u00f6r\u00e4npultti 110Nm.<\/li>\n\n\n\n<li><a href=\"https:\/\/greenmiler.fi\/wp-content\/uploads\/2024\/12\/Huolto-ohjelma.pdf\">Huolto-ohjelma PDF:n lataus.<\/a><\/li>\n<\/ul>\n\n\n\n<p><\/p>\n","protected":false},"excerpt":{"rendered":"<p>Myynti, mallisto, k\u00e4ytt\u00f6ohjeet, takuu, huolto: &nbsp;Valmistettu Suomessa. Myynti \/ Mallisto: Kuomuper\u00e4vaunut (jarruttomat, katsastusvapaat): (hinnat sis\u00e4lt\u00e4v\u00e4t alv:n 25.5%) Soita ja osta laadukas kotimainen Greenmiler-per\u00e4vaunu: 045 783 150 86 \/ Jani Greenmiler -per\u00e4vaunuissa yksityiskohdat, laatu sek\u00e4 k\u00e4yt\u00e4nn\u00f6llisyys on mietitty tarkkaan. Kokoamiseen on k\u00e4ytetty vain laadukkaita komponentteja. Valmistettu EU-tyyppihyv\u00e4ksynn\u00e4n mukaisesti. Valmiiksi rekister\u00f6ity. Pohjalevy 12mm filmivaneri. Lehtijouset ja iskunvaimentimet.&hellip; <a class=\"more-link\" href=\"https:\/\/www.greenmiler.fi\/index.php\/about\/\">Jatka lukemista <span class=\"screen-reader-text\">Greenmiler\u00ae Classic<\/span><\/a><\/p>\n","protected":false},"author":1,"featured_media":0,"parent":0,"menu_order":0,"comment_status":"closed","ping_status":"closed","template":"","meta":{"footnotes":""},"class_list":["post-17","page","type-page","status-publish","hentry","entry"],"_links":{"self":[{"href":"https:\/\/www.greenmiler.fi\/index.php\/wp-json\/wp\/v2\/pages\/17","targetHints":{"allow":["GET"]}}],"collection":[{"href":"https:\/\/www.greenmiler.fi\/index.php\/wp-json\/wp\/v2\/pages"}],"about":[{"href":"https:\/\/www.greenmiler.fi\/index.php\/wp-json\/wp\/v2\/types\/page"}],"author":[{"embeddable":true,"href":"https:\/\/www.greenmiler.fi\/index.php\/wp-json\/wp\/v2\/users\/1"}],"replies":[{"embeddable":true,"href":"https:\/\/www.greenmiler.fi\/index.php\/wp-json\/wp\/v2\/comments?post=17"}],"version-history":[{"count":84,"href":"https:\/\/www.greenmiler.fi\/index.php\/wp-json\/wp\/v2\/pages\/17\/revisions"}],"predecessor-version":[{"id":397,"href":"https:\/\/www.greenmiler.fi\/index.php\/wp-json\/wp\/v2\/pages\/17\/revisions\/397"}],"wp:attachment":[{"href":"https:\/\/www.greenmiler.fi\/index.php\/wp-json\/wp\/v2\/media?parent=17"}],"curies":[{"name":"wp","href":"https:\/\/api.w.org\/{rel}","templated":true}]}}