{"id":16,"date":"2021-10-21T11:00:00","date_gmt":"2021-10-21T11:00:00","guid":{"rendered":"https:\/\/greenmiler.eu\/?page_id=16"},"modified":"2025-11-03T15:39:17","modified_gmt":"2025-11-03T13:39:17","slug":"create-your-website-with-blocks","status":"publish","type":"page","link":"https:\/\/www.greenmiler.fi\/","title":{"rendered":"GREENMILER\u00ae"},"content":{"rendered":"\n<h3 class=\"wp-block-heading alignwide has-text-align-center has-text-align-wide has-huge-font-size\" style=\"line-height:1.1\"><strong>Greenmiler<\/strong>\u00ae per\u00e4vaunut<\/h3>\n\n\n\n<figure class=\"wp-block-image size-large\"><img loading=\"lazy\" decoding=\"async\" width=\"1024\" height=\"683\" src=\"https:\/\/greenmiler.fi\/wp-content\/uploads\/2025\/10\/gm12-2-1024x683.jpg\" alt=\"\" class=\"wp-image-378\" srcset=\"https:\/\/www.greenmiler.fi\/wp-content\/uploads\/2025\/10\/gm12-2-1024x683.jpg 1024w, https:\/\/www.greenmiler.fi\/wp-content\/uploads\/2025\/10\/gm12-2-300x200.jpg 300w, https:\/\/www.greenmiler.fi\/wp-content\/uploads\/2025\/10\/gm12-2-768x512.jpg 768w, https:\/\/www.greenmiler.fi\/wp-content\/uploads\/2025\/10\/gm12-2.jpg 1382w\" sizes=\"auto, (max-width: 1024px) 100vw, 1024px\" \/><\/figure>\n\n\n<div class=\"wp-block-image\">\n<figure class=\"alignleft size-full\"><img loading=\"lazy\" decoding=\"async\" width=\"60\" height=\"37\" src=\"https:\/\/greenmiler.fi\/wp-content\/uploads\/2021\/10\/Finland1.png\" alt=\"\" class=\"wp-image-114\"\/><\/figure>\n<\/div>\n\n\n<p>Kotimainen, Etel\u00e4-Pohjanmaalla Sein\u00e4joella valmistettu premium-kevytper\u00e4vaunu. K\u00e4yt\u00e4nn\u00f6llinen ja turvallinen k\u00e4ytt\u00e4\u00e4. Kokoamiseen k\u00e4yt\u00e4mme vain laadukkaita komponentteja.<\/p>\n\n\n\n<p>Soita ja hanki tyylik\u00e4s Greenmiler helpottamaan arjen kuljetustarpeita! <\/p>\n\n\n\n<p>045 783 150 86 \/ Jani<\/p>\n\n\n\n<p>CLASSIC-mallisto, jossa perinteisill\u00e4 polttimoilla varustetut takavalot, LED etu\u00e4\u00e4rivalot sek\u00e4 LED rekisterikilven valot!<\/p>\n\n\n\n<p><a href=\"https:\/\/greenmiler.fi\/index.php\/about\/\" data-type=\"URL\" data-id=\"https:\/\/greenmiler.fi\/index.php\/about\/\">Tutustu mallistomme ominaisuuksiin klikkaamalla t\u00e4st\u00e4!<\/a><\/p>\n\n\n\n<hr class=\"wp-block-separator has-alpha-channel-opacity\"\/>\n\n\n\n<hr class=\"wp-block-separator has-alpha-channel-opacity\"\/>\n\n\n\n<div class=\"wp-block-columns alignwide are-vertically-aligned-top is-layout-flex wp-container-core-columns-is-layout-9d6595d7 wp-block-columns-is-layout-flex\">\n<div class=\"wp-block-column is-vertically-aligned-top is-layout-flow wp-block-column-is-layout-flow\">\n<h3 class=\"wp-block-heading\">Uutta!<\/h3>\n\n\n\n<p>Nyt saatavana CLASSIC-mallisto jossa perinteiset, laadukkaat ja hyv\u00e4ksihavaitut polttimoilla olevat takavalaisimet, etu\u00e4\u00e4riavalot sek\u00e4 rekisterikilven valot LED.<\/p>\n\n\n\n<p>&#8211;<\/p>\n\n\n\n<p>Kauan odotettu premium uutuus Greenmiler per\u00e4vaunumallisto julkaistu.<\/p>\n\n\n\n<p>&#8211;<\/p>\n\n\n\n<p>Tuotemerkkimme on rekister\u00f6ity:<\/p>\n\n\n\n<figure class=\"wp-block-image size-full\"><img loading=\"lazy\" decoding=\"async\" width=\"373\" height=\"128\" src=\"https:\/\/greenmiler.fi\/wp-content\/uploads\/2021\/10\/image.png\" alt=\"\" class=\"wp-image-93\" srcset=\"https:\/\/www.greenmiler.fi\/wp-content\/uploads\/2021\/10\/image.png 373w, https:\/\/www.greenmiler.fi\/wp-content\/uploads\/2021\/10\/image-300x103.png 300w\" sizes=\"auto, (max-width: 373px) 100vw, 373px\" \/><\/figure>\n\n\n\n<p class=\"has-text-align-center\">EUROPEAN UNION INTELLECTUAL PROPERTY OFFICE<br>CERTIFICATE OF REGISTRATION<br>This Certificate of Registration is hereby issued for the European Union trade mark identified below. The corresponding entries have been recorded in the Register of European Union trade marks.<\/p>\n\n\n\n<p>&#8211;<\/p>\n\n\n\n<p>Koko Euroopan Unionin laajuinen EU-tyyppihyv\u00e4ksynt\u00e4 premium-mallistolle.<\/p>\n\n\n\n<p>&#8211;<\/p>\n<\/div>\n\n\n\n<div class=\"wp-block-column is-vertically-aligned-top is-layout-flow wp-block-column-is-layout-flow\">\n<h3 class=\"wp-block-heading\"><\/h3>\n\n\n\n<p><\/p>\n<\/div>\n\n\n\n<div class=\"wp-block-column is-vertically-aligned-top is-layout-flow wp-block-column-is-layout-flow\">\n<h3 class=\"wp-block-heading\"><\/h3>\n\n\n\n<p><\/p>\n<\/div>\n<\/div>\n\n\n\n<p><\/p>\n","protected":false},"excerpt":{"rendered":"<p>Greenmiler\u00ae per\u00e4vaunut Kotimainen, Etel\u00e4-Pohjanmaalla Sein\u00e4joella valmistettu premium-kevytper\u00e4vaunu. K\u00e4yt\u00e4nn\u00f6llinen ja turvallinen k\u00e4ytt\u00e4\u00e4. Kokoamiseen k\u00e4yt\u00e4mme vain laadukkaita komponentteja. Soita ja hanki tyylik\u00e4s Greenmiler helpottamaan arjen kuljetustarpeita! 045 783 150 86 \/ Jani CLASSIC-mallisto, jossa perinteisill\u00e4 polttimoilla varustetut takavalot, LED etu\u00e4\u00e4rivalot sek\u00e4 LED rekisterikilven valot! Tutustu mallistomme ominaisuuksiin klikkaamalla t\u00e4st\u00e4! Uutta! Nyt saatavana CLASSIC-mallisto jossa perinteiset, laadukkaat ja&hellip; <a class=\"more-link\" href=\"https:\/\/www.greenmiler.fi\/\">Jatka lukemista <span class=\"screen-reader-text\">GREENMILER\u00ae<\/span><\/a><\/p>\n","protected":false},"author":1,"featured_media":0,"parent":0,"menu_order":0,"comment_status":"closed","ping_status":"closed","template":"","meta":{"footnotes":""},"class_list":["post-16","page","type-page","status-publish","hentry","entry"],"_links":{"self":[{"href":"https:\/\/www.greenmiler.fi\/index.php\/wp-json\/wp\/v2\/pages\/16","targetHints":{"allow":["GET"]}}],"collection":[{"href":"https:\/\/www.greenmiler.fi\/index.php\/wp-json\/wp\/v2\/pages"}],"about":[{"href":"https:\/\/www.greenmiler.fi\/index.php\/wp-json\/wp\/v2\/types\/page"}],"author":[{"embeddable":true,"href":"https:\/\/www.greenmiler.fi\/index.php\/wp-json\/wp\/v2\/users\/1"}],"replies":[{"embeddable":true,"href":"https:\/\/www.greenmiler.fi\/index.php\/wp-json\/wp\/v2\/comments?post=16"}],"version-history":[{"count":68,"href":"https:\/\/www.greenmiler.fi\/index.php\/wp-json\/wp\/v2\/pages\/16\/revisions"}],"predecessor-version":[{"id":399,"href":"https:\/\/www.greenmiler.fi\/index.php\/wp-json\/wp\/v2\/pages\/16\/revisions\/399"}],"wp:attachment":[{"href":"https:\/\/www.greenmiler.fi\/index.php\/wp-json\/wp\/v2\/media?parent=16"}],"curies":[{"name":"wp","href":"https:\/\/api.w.org\/{rel}","templated":true}]}}